{"id":1171,"date":"2022-12-31T14:43:39","date_gmt":"2022-12-31T14:43:39","guid":{"rendered":"http:\/\/cndenetim.com.tr\/index.php\/newsletter\/"},"modified":"2022-12-31T14:43:39","modified_gmt":"2022-12-31T14:43:39","slug":"newsletter","status":"publish","type":"page","link":"http:\/\/cndenetim.com.tr\/index.php\/newsletter\/","title":{"rendered":"Newsletter"},"content":{"rendered":"<div class=\"tnp tnp-subscription\">\n<form method=\"post\" action=\"http:\/\/cndenetim.com.tr\/?na=s\">\n\n<input type=\"hidden\" name=\"nr\" value=\"page\"><input type=\"hidden\" name=\"nlang\" value=\"\"><div class=\"tnp-field tnp-field-email\"><label for=\"tnp-1\">Email<\/label>\n<input class=\"tnp-email\" type=\"email\" name=\"ne\" id=\"tnp-1\" value=\"\" required><\/div>\n<div class=\"tnp-field tnp-privacy-field\"><label><input type=\"checkbox\" name=\"ny\" required class=\"tnp-privacy\">&nbsp;Devam ederek gizlilik politikas\u0131n\u0131 kabul etmi\u015f olursunuz<\/label><\/div><div class=\"tnp-field tnp-field-button\"><input class=\"tnp-submit\" type=\"submit\" value=\"Abone Ol\" >\n<\/div>\n<\/form>\n<\/div>\n\n","protected":false},"excerpt":{"rendered":"","protected":false},"author":1,"featured_media":0,"parent":0,"menu_order":0,"comment_status":"closed","ping_status":"closed","template":"","meta":{"_themeisle_gutenberg_block_has_review":false},"_links":{"self":[{"href":"http:\/\/cndenetim.com.tr\/index.php\/wp-json\/wp\/v2\/pages\/1171"}],"collection":[{"href":"http:\/\/cndenetim.com.tr\/index.php\/wp-json\/wp\/v2\/pages"}],"about":[{"href":"http:\/\/cndenetim.com.tr\/index.php\/wp-json\/wp\/v2\/types\/page"}],"author":[{"embeddable":true,"href":"http:\/\/cndenetim.com.tr\/index.php\/wp-json\/wp\/v2\/users\/1"}],"replies":[{"embeddable":true,"href":"http:\/\/cndenetim.com.tr\/index.php\/wp-json\/wp\/v2\/comments?post=1171"}],"version-history":[{"count":0,"href":"http:\/\/cndenetim.com.tr\/index.php\/wp-json\/wp\/v2\/pages\/1171\/revisions"}],"wp:attachment":[{"href":"http:\/\/cndenetim.com.tr\/index.php\/wp-json\/wp\/v2\/media?parent=1171"}],"curies":[{"name":"wp","href":"https:\/\/api.w.org\/{rel}","templated":true}]}}