{"id":330,"date":"2016-02-29T13:10:37","date_gmt":"2016-02-29T13:10:37","guid":{"rendered":"http:\/\/test.kriesi.at\/travel\/?page_id=2"},"modified":"2022-12-31T13:40:10","modified_gmt":"2022-12-31T13:40:10","slug":"welcome","status":"publish","type":"page","link":"http:\/\/cndenetim.com.tr\/","title":{"rendered":"Anasayfa"},"content":{"rendered":"<div id='full_slider_1'  class='avia-fullwidth-slider main_color avia-shadow   avia-builder-el-0  el_before_av_layout_row  avia-builder-el-first   container_wrap sidebar_right'  >\n<style type=\"text\/css\" data-created_by=\"avia_inline_auto\" id=\"style-css-av-d129ci-c94b2f27dd350c295ec24253b28c9401\">\n#top #wrap_all .avia-slideshow .av-slideshow-caption.av-d129ci-c94b2f27dd350c295ec24253b28c9401__0 .avia-caption-title{\nfont-size:44px;\ncolor:#d8d8d8;\n}\n#top .avia-slideshow .av-slideshow-caption.av-d129ci-c94b2f27dd350c295ec24253b28c9401__0 .avia-caption-content{\nfont-size:20px;\ncolor:#b5b5b5;\n}\n#top .avia-slideshow .av-slideshow-caption.av-d129ci-c94b2f27dd350c295ec24253b28c9401__0 .avia-caption-content p{\nfont-size:20px;\n}\n#top #wrap_all .avia-slideshow .av-slideshow-caption.av-d129ci-c94b2f27dd350c295ec24253b28c9401__1 .avia-caption-title{\nfont-size:44px;\n}\n#top .avia-slideshow .av-slideshow-caption.av-d129ci-c94b2f27dd350c295ec24253b28c9401__1 .avia-caption-content{\nfont-size:20px;\n}\n#top .avia-slideshow .av-slideshow-caption.av-d129ci-c94b2f27dd350c295ec24253b28c9401__1 .avia-caption-content p{\nfont-size:20px;\n}\n<\/style>\n<div  class='avia-slideshow av-d129ci-c94b2f27dd350c295ec24253b28c9401 avia-slideshow-featured av_slideshow_full avia-fade-slider av-slideshow-ui av-control-minimal av-slideshow-manual av-loop-once av-loop-manual-endless av-default-height-applied   avia-slideshow-1' data-slideshow-options=\"{&quot;animation&quot;:&quot;fade&quot;,&quot;autoplay&quot;:false,&quot;loop_autoplay&quot;:&quot;once&quot;,&quot;interval&quot;:6,&quot;loop_manual&quot;:&quot;manual-endless&quot;,&quot;autoplay_stopper&quot;:false,&quot;noNavigation&quot;:false,&quot;bg_slider&quot;:false,&quot;keep_padding&quot;:false,&quot;hoverpause&quot;:false,&quot;show_slide_delay&quot;:0}\"  itemprop=\"image\" itemscope=\"itemscope\" itemtype=\"https:\/\/schema.org\/ImageObject\" ><ul class='avia-slideshow-inner ' style='padding-bottom: 28.666666666667%;'><li  class='avia-slideshow-slide av-d129ci-c94b2f27dd350c295ec24253b28c9401__0  slide-1 slide-odd'><div data-rel='slideshow-1' class='avia-slide-wrap '   ><div class='av-slideshow-caption av-d129ci-c94b2f27dd350c295ec24253b28c9401__0 caption_fullwidth caption_right'><div class=\"container caption_container\"><div class=\"slideshow_caption\"><div class=\"slideshow_inner_caption\"><div class=\"slideshow_align_caption\"><h2 class='avia-caption-title '  itemprop=\"name\" >Ar-Ge\/Tasar\u0131m Merkezi Dan\u0131\u015fmanl\u0131\u011f\u0131<\/h2><div class='avia-caption-content av_inherit_color'  itemprop=\"description\" ><p>Ar-Ge\/Tasar\u0131m Merkezleri i\u00e7in s\u00f6z konusu te\u015fvik ve avantajlar..<\/p>\n<\/div><a href='http:\/\/cndenetim.com.tr\/index.php\/hizmetlerimiz\/'  class='avia-slideshow-button avia-button avia-color-light ' data-duration='800' data-easing='easeInOutQuad'>Daha Fazla<\/a><\/div><\/div><\/div><\/div><\/div><img class=\"wp-image-1111 avia-img-lazy-loading-not-1111\"  src=\"http:\/\/cndenetim.com.tr\/wp-content\/uploads\/2022\/12\/2-1500x430.jpg\" width=\"1500\" height=\"430\" title='' alt=''  itemprop=\"thumbnailUrl\"   \/><div class='av-section-color-overlay' style='opacity: 0.4; background-color: #0a0a0a; '><\/div><\/div><\/li><li  class='avia-slideshow-slide av-d129ci-c94b2f27dd350c295ec24253b28c9401__1  slide-2 slide-even'><div data-rel='slideshow-1' class='avia-slide-wrap '   ><div class='av-slideshow-caption av-d129ci-c94b2f27dd350c295ec24253b28c9401__1 caption_fullwidth caption_left'><div class=\"container caption_container\"><div class=\"slideshow_caption\"><div class=\"slideshow_inner_caption\"><div class=\"slideshow_align_caption\"><h2 class='avia-caption-title '  itemprop=\"name\" >Teknopark Dan\u0131\u015fmanl\u0131\u011f\u0131<\/h2><div class='avia-caption-content '  itemprop=\"description\" ><p>Teknopark ba\u015fvuru s\u00fcreci ve proje yaz\u0131m\u0131, mali ve teknik s\u00fcrd\u00fcrme, portal s\u00fcre\u00e7lerinin y\u00f6netilmesi&#8230;<\/p>\n<\/div><a href='http:\/\/cndenetim.com.tr\/index.php\/hizmetlerimiz\/'  class='avia-slideshow-button avia-button avia-color-light ' data-duration='800' data-easing='easeInOutQuad'>Daha Fazla<\/a><\/div><\/div><\/div><\/div><\/div><img class=\"wp-image-1110 avia-img-lazy-loading-not-1110\"  src=\"http:\/\/cndenetim.com.tr\/wp-content\/uploads\/2022\/12\/1-1500x430.jpg\" width=\"1500\" height=\"430\" title='Auditor is working with financial documents. Audit or assessments.' alt=''  itemprop=\"thumbnailUrl\"   \/><div class='av-section-color-overlay' style='opacity: 0.1; background-color: #727272; '><\/div><\/div><\/li><\/ul><div class='avia-slideshow-arrows avia-slideshow-controls' ><a href='#prev' class='prev-slide ' aria-hidden='true' data-av_icon='\ue87c' data-av_iconfont='entypo-fontello'  tabindex='-1'>\u00d6nceki<\/a><a href='#next' class='next-slide ' aria-hidden='true' data-av_icon='\ue87d' data-av_iconfont='entypo-fontello'  tabindex='-1'>Sonraki<\/a><\/div><div class='avia-slideshow-dots avia-slideshow-controls'><a href='#1' class='goto-slide active' >1<\/a><a href='#2' class='goto-slide ' >2<\/a><\/div><\/div><\/div>\n<div id='av-layout-grid-1'  class='av-layout-grid-container av-18ypei-385edcc5e52aaa494fa8f5ef306b40eb entry-content-wrapper main_color av-fixed-cells  avia-builder-el-1  el_after_av_slideshow_full  el_before_av_section  grid-row-not-first  container_wrap sidebar_right'  >\n\n<style type=\"text\/css\" data-created_by=\"avia_inline_auto\" id=\"style-css-av-cd3ua2-0e1f299c2fdc65b75db565b37357ce7f\">\n.flex_cell.av-cd3ua2-0e1f299c2fdc65b75db565b37357ce7f{\nvertical-align:top;\nbackground-color:#b7272e;\n}\n.responsive #top #wrap_all .flex_cell.av-cd3ua2-0e1f299c2fdc65b75db565b37357ce7f{\npadding:9px 0px 0px 0px !important;\n}\n<\/style>\n<div class='flex_cell av-cd3ua2-0e1f299c2fdc65b75db565b37357ce7f av-gridrow-cell av_one_half no_margin  avia-builder-el-2  el_before_av_cell_one_half  avia-builder-el-first ' ><div class='flex_cell_inner'><\/div><\/div>\n<style type=\"text\/css\" data-created_by=\"avia_inline_auto\" id=\"style-css-av-c65y4y-131af0ab8cb217fe5ac93fc5123e021d\">\n.flex_cell.av-c65y4y-131af0ab8cb217fe5ac93fc5123e021d{\nvertical-align:top;\nbackground-color:#b7272e;\n}\n.responsive #top #wrap_all .flex_cell.av-c65y4y-131af0ab8cb217fe5ac93fc5123e021d{\npadding:9px 0px 0px 0px !important;\n}\n<\/style>\n<div class='flex_cell av-c65y4y-131af0ab8cb217fe5ac93fc5123e021d av-gridrow-cell av_one_half no_margin  avia-builder-el-3  el_after_av_cell_one_half  avia-builder-el-last ' ><div class='flex_cell_inner'><\/div><\/div>\n<\/div>\n<div id='av_section_1'  class='avia-section av-c276h6-79b56a7cff74ac000961d41e4fbad7f7 main_color avia-section-huge avia-no-border-styling  avia-builder-el-4  el_after_av_layout_row  avia-builder-el-last  avia-bg-style-scroll container_wrap sidebar_right'  ><div class='container av-section-cont-open' ><div class='template-page content  av-content-small alpha units'><div class='post-entry post-entry-type-page post-entry-330'><div class='entry-content-wrapper clearfix'>\n<div class='flex_column_table av-brd06i-7ce2dd2a60c55c2496681b4a68afd8c0 sc-av_one_third av-equal-height-column-flextable'>\n<style type=\"text\/css\" data-created_by=\"avia_inline_auto\" id=\"style-css-av-brd06i-7ce2dd2a60c55c2496681b4a68afd8c0\">\n#top .flex_column_table.av-equal-height-column-flextable.av-brd06i-7ce2dd2a60c55c2496681b4a68afd8c0{\nmargin-top:-200px;\nmargin-bottom:0px;\n}\n.flex_column.av-brd06i-7ce2dd2a60c55c2496681b4a68afd8c0{\n-webkit-border-radius:0px 0px 0px 0px;\n-moz-border-radius:0px 0px 0px 0px;\nborder-radius:0px 0px 0px 0px;\npadding:40px 40px 40px 40px;\nbackground-color:#b7272e;\n}\n<\/style>\n<div class='flex_column av-brd06i-7ce2dd2a60c55c2496681b4a68afd8c0 av_one_third  avia-builder-el-5  el_before_av_one_third  avia-builder-el-first  first no_margin flex_column_table_cell av-equal-height-column av-align-top '     ><p>\n<style type=\"text\/css\" data-created_by=\"avia_inline_auto\" id=\"style-css-av-bpvhhe-1770271e9346ff1a77526fe7e3024c62\">\n.av_font_icon.av-bpvhhe-1770271e9346ff1a77526fe7e3024c62{\ncolor:#ffffff;\nborder-color:#ffffff;\n}\n.av_font_icon.av-bpvhhe-1770271e9346ff1a77526fe7e3024c62 .av-icon-char{\nfont-size:60px;\nline-height:60px;\n}\n<\/style>\n<span  class='av_font_icon av-bpvhhe-1770271e9346ff1a77526fe7e3024c62 avia_animate_when_visible av-icon-style- avia-icon-pos-center avia-icon-animate'><span class='av-icon-char' aria-hidden='true' data-av_icon='\ue81f' data-av_iconfont='entypo-fontello' ><\/span><\/span><br \/>\n\n<style type=\"text\/css\" data-created_by=\"avia_inline_auto\" id=\"style-css-av-bip6ve-d11416aae2cee8d27bf67efc13307e3b\">\n#top .hr.hr-invisible.av-bip6ve-d11416aae2cee8d27bf67efc13307e3b{\nheight:20px;\n}\n<\/style>\n<div  class='hr av-bip6ve-d11416aae2cee8d27bf67efc13307e3b hr-invisible  avia-builder-el-7  el_after_av_font_icon  el_before_av_textblock '><span class='hr-inner '><span class=\"hr-inner-style\"><\/span><\/span><\/div><br \/>\n\n<style type=\"text\/css\" data-created_by=\"avia_inline_auto\" id=\"style-css-av-bege3m-9b41b114be4b7be05422d073b030e146\">\n#top .av_textblock_section.av-bege3m-9b41b114be4b7be05422d073b030e146 .avia_textblock{\ncolor:#ffffff;\n}\n<\/style>\n<section  class='av_textblock_section av-bege3m-9b41b114be4b7be05422d073b030e146'  itemscope=\"itemscope\" itemtype=\"https:\/\/schema.org\/CreativeWork\" ><div class='avia_textblock av_inherit_color'  itemprop=\"text\" ><h4 style=\"text-align: center;\">Vergi Dan\u0131\u015fmanl\u0131\u011f\u0131<\/h4>\n<p style=\"text-align: center;\">Reg\u00fclasyonlar ve Mevzuat Uyumu, KDV \u0130ade Hizmetleri, Vergi ve Mali S\u00fcre\u00e7 Denetimleri&#8230;<\/p>\n<\/div><\/section><br \/>\n\n<style type=\"text\/css\" data-created_by=\"avia_inline_auto\" id=\"style-css-av-b4p1ya-de987e2bb51752fad4599c44e62fd93c\">\n#top .hr.hr-invisible.av-b4p1ya-de987e2bb51752fad4599c44e62fd93c{\nheight:8px;\n}\n<\/style>\n<div  class='hr av-b4p1ya-de987e2bb51752fad4599c44e62fd93c hr-invisible  avia-builder-el-9  el_after_av_textblock  el_before_av_button '><span class='hr-inner '><span class=\"hr-inner-style\"><\/span><\/span><\/div><br \/>\n<div  class='avia-button-wrap av-13svl6-c159b3b228af0fca994388f5e1b50700-wrap avia-button-center  avia-builder-el-10  el_after_av_hr  avia-builder-el-last ' ><a href='http:\/\/cndenetim.com.tr\/index.php\/hizmetlerimiz\/'  class='avia-button av-13svl6-c159b3b228af0fca994388f5e1b50700 avia-icon_select-no avia-size-medium avia-position-center avia-color-light' ><span class='avia_iconbox_title' >Daha Fazla<\/span><\/a><\/div><\/p><\/div>\n<style type=\"text\/css\" data-created_by=\"avia_inline_auto\" id=\"style-css-av-atsvwa-9ecc05eb42062e8af98451bcbe36e41c\">\n#top .flex_column_table.av-equal-height-column-flextable.av-atsvwa-9ecc05eb42062e8af98451bcbe36e41c{\nmargin-top:-200px;\nmargin-bottom:0px;\n}\n.flex_column.av-atsvwa-9ecc05eb42062e8af98451bcbe36e41c{\n-webkit-border-radius:0px 0px 0px 0px;\n-moz-border-radius:0px 0px 0px 0px;\nborder-radius:0px 0px 0px 0px;\npadding:40px 40px 40px 40px;\nbackground-color:#b73a40;\n}\n<\/style>\n<div class='flex_column av-atsvwa-9ecc05eb42062e8af98451bcbe36e41c av_one_third  avia-builder-el-11  el_after_av_one_third  el_before_av_one_third  no_margin flex_column_table_cell av-equal-height-column av-align-top '     ><p>\n<style type=\"text\/css\" data-created_by=\"avia_inline_auto\" id=\"style-css-av-an157e-c88312f6ed2684252444c380f40d4f03\">\n.av_font_icon.av-an157e-c88312f6ed2684252444c380f40d4f03{\ncolor:#ffffff;\nborder-color:#ffffff;\n}\n.av_font_icon.av-an157e-c88312f6ed2684252444c380f40d4f03 .av-icon-char{\nfont-size:60px;\nline-height:60px;\n}\n<\/style>\n<span  class='av_font_icon av-an157e-c88312f6ed2684252444c380f40d4f03 avia_animate_when_visible av-icon-style- avia-icon-pos-center avia-icon-animate'><span class='av-icon-char' aria-hidden='true' data-av_icon='\ue81f' data-av_iconfont='entypo-fontello' ><\/span><\/span><br \/>\n\n<style type=\"text\/css\" data-created_by=\"avia_inline_auto\" id=\"style-css-av-airjvu-3daaf196af2d77ebd294a3fa93f29e5c\">\n#top .hr.hr-invisible.av-airjvu-3daaf196af2d77ebd294a3fa93f29e5c{\nheight:20px;\n}\n<\/style>\n<div  class='hr av-airjvu-3daaf196af2d77ebd294a3fa93f29e5c hr-invisible  avia-builder-el-13  el_after_av_font_icon  el_before_av_textblock '><span class='hr-inner '><span class=\"hr-inner-style\"><\/span><\/span><\/div><br \/>\n\n<style type=\"text\/css\" data-created_by=\"avia_inline_auto\" id=\"style-css-av-lcbxa7q5-7149ec126db2197e199490e18bb83dec\">\n#top .av_textblock_section.av-lcbxa7q5-7149ec126db2197e199490e18bb83dec .avia_textblock{\ncolor:#ffffff;\n}\n<\/style>\n<section  class='av_textblock_section av-lcbxa7q5-7149ec126db2197e199490e18bb83dec'  itemscope=\"itemscope\" itemtype=\"https:\/\/schema.org\/CreativeWork\" ><div class='avia_textblock av_inherit_color'  itemprop=\"text\" ><h4 style=\"text-align: center;\">Ba\u011f\u0131ms\u0131z Denetim<\/h4>\n<p style=\"text-align: center;\">Ba\u011f\u0131ms\u0131z Denetim \u00e7al\u0131\u015fmalar\u0131 sonucu ortaya \u00e7\u0131kan ba\u011f\u0131ms\u0131z denetim raporuyla birlikte&#8230;<\/p>\n<\/div><\/section><br \/>\n\n<style type=\"text\/css\" data-created_by=\"avia_inline_auto\" id=\"style-css-av-a5xeje-f4b0c012b8546583b30b6bcf6458b8c6\">\n#top .hr.hr-invisible.av-a5xeje-f4b0c012b8546583b30b6bcf6458b8c6{\nheight:8px;\n}\n<\/style>\n<div  class='hr av-a5xeje-f4b0c012b8546583b30b6bcf6458b8c6 hr-invisible  avia-builder-el-15  el_after_av_textblock  el_before_av_button '><span class='hr-inner '><span class=\"hr-inner-style\"><\/span><\/span><\/div><br \/>\n<div  class='avia-button-wrap av-a35sw2-2e5c36ee701fd172836f3f12bb3d5e33-wrap avia-button-center  avia-builder-el-16  el_after_av_hr  avia-builder-el-last ' ><a href='http:\/\/cndenetim.com.tr\/index.php\/hizmetlerimiz\/'  class='avia-button av-a35sw2-2e5c36ee701fd172836f3f12bb3d5e33 avia-icon_select-no avia-size-medium avia-position-center avia-color-light' ><span class='avia_iconbox_title' >Daha Fazla<\/span><\/a><\/div><\/p><\/div>\n<style type=\"text\/css\" data-created_by=\"avia_inline_auto\" id=\"style-css-av-9ur522-0cd6f23dc1613f84044c9bb3232dde93\">\n#top .flex_column_table.av-equal-height-column-flextable.av-9ur522-0cd6f23dc1613f84044c9bb3232dde93{\nmargin-top:-200px;\nmargin-bottom:0px;\n}\n.flex_column.av-9ur522-0cd6f23dc1613f84044c9bb3232dde93{\n-webkit-border-radius:0px 0px 0px 0px;\n-moz-border-radius:0px 0px 0px 0px;\nborder-radius:0px 0px 0px 0px;\npadding:40px 40px 40px 40px;\nbackground-color:#b7494e;\n}\n<\/style>\n<div class='flex_column av-9ur522-0cd6f23dc1613f84044c9bb3232dde93 av_one_third  avia-builder-el-17  el_after_av_one_third  el_before_av_hr  no_margin flex_column_table_cell av-equal-height-column av-align-top '     ><p>\n<style type=\"text\/css\" data-created_by=\"avia_inline_auto\" id=\"style-css-av-9o0lkq-51cbb1d2805189cc075480d38db10092\">\n.av_font_icon.av-9o0lkq-51cbb1d2805189cc075480d38db10092{\ncolor:#ffffff;\nborder-color:#ffffff;\n}\n.av_font_icon.av-9o0lkq-51cbb1d2805189cc075480d38db10092 .av-icon-char{\nfont-size:60px;\nline-height:60px;\n}\n<\/style>\n<span  class='av_font_icon av-9o0lkq-51cbb1d2805189cc075480d38db10092 avia_animate_when_visible av-icon-style- avia-icon-pos-center avia-icon-animate'><span class='av-icon-char' aria-hidden='true' data-av_icon='\ue81f' data-av_iconfont='entypo-fontello' ><\/span><\/span><br \/>\n\n<style type=\"text\/css\" data-created_by=\"avia_inline_auto\" id=\"style-css-av-9iq20a-5c9cd07c42aa296ddb42c16f12c0e9aa\">\n#top .hr.hr-invisible.av-9iq20a-5c9cd07c42aa296ddb42c16f12c0e9aa{\nheight:20px;\n}\n<\/style>\n<div  class='hr av-9iq20a-5c9cd07c42aa296ddb42c16f12c0e9aa hr-invisible  avia-builder-el-19  el_after_av_font_icon  el_before_av_textblock '><span class='hr-inner '><span class=\"hr-inner-style\"><\/span><\/span><\/div><br \/>\n\n<style type=\"text\/css\" data-created_by=\"avia_inline_auto\" id=\"style-css-av-9df63e-a1305ec2353ea0610012aec0ccdb4b50\">\n#top .av_textblock_section.av-9df63e-a1305ec2353ea0610012aec0ccdb4b50 .avia_textblock{\ncolor:#ffffff;\n}\n<\/style>\n<section  class='av_textblock_section av-9df63e-a1305ec2353ea0610012aec0ccdb4b50'  itemscope=\"itemscope\" itemtype=\"https:\/\/schema.org\/CreativeWork\" ><div class='avia_textblock av_inherit_color'  itemprop=\"text\" ><h4 style=\"text-align: center;\">Vergi Planlama Dan\u0131\u015fmanl\u0131\u011f\u0131<\/h4>\n<p style=\"text-align: center;\">T\u00fcm vergi kanunlar\u0131 kapsam\u0131nda s\u00fcre\u00e7lerin ve i\u015flemlerin analiz edilerek&#8230;<\/p>\n<\/div><\/section><br \/>\n\n<style type=\"text\/css\" data-created_by=\"avia_inline_auto\" id=\"style-css-av-wzf62-c5ca7ef781ca7a0042b6804b080b324b\">\n#top .hr.hr-invisible.av-wzf62-c5ca7ef781ca7a0042b6804b080b324b{\nheight:8px;\n}\n<\/style>\n<div  class='hr av-wzf62-c5ca7ef781ca7a0042b6804b080b324b hr-invisible  avia-builder-el-21  el_after_av_textblock  el_before_av_button '><span class='hr-inner '><span class=\"hr-inner-style\"><\/span><\/span><\/div><br \/>\n<div  class='avia-button-wrap av-93bjte-589f215e1c0794025865da90f253e446-wrap avia-button-center  avia-builder-el-22  el_after_av_hr  avia-builder-el-last ' ><a href='http:\/\/cndenetim.com.tr\/index.php\/hizmetlerimiz\/'  class='avia-button av-93bjte-589f215e1c0794025865da90f253e446 avia-icon_select-no avia-size-medium avia-position-center avia-color-light' ><span class='avia_iconbox_title' >Daha Fazla<\/span><\/a><\/div><\/p><\/div><\/div><!--close column table wrapper. Autoclose: 1 -->\n<style type=\"text\/css\" data-created_by=\"avia_inline_auto\" id=\"style-css-av-8w1ebe-6a6ab9cf03309c5ca77767cbc52beeea\">\n#top .hr.hr-invisible.av-8w1ebe-6a6ab9cf03309c5ca77767cbc52beeea{\nheight:100px;\n}\n<\/style>\n<div  class='hr av-8w1ebe-6a6ab9cf03309c5ca77767cbc52beeea hr-invisible  avia-builder-el-23  el_after_av_one_third  el_before_av_one_half '><span class='hr-inner '><span class=\"hr-inner-style\"><\/span><\/span><\/div>\n\n<style type=\"text\/css\" data-created_by=\"avia_inline_auto\" id=\"style-css-av-759h2a-5405f17028f4f8306789c739e88e20e0\">\n.flex_column.av-759h2a-5405f17028f4f8306789c739e88e20e0{\n-webkit-border-radius:0px 0px 0px 0px;\n-moz-border-radius:0px 0px 0px 0px;\nborder-radius:0px 0px 0px 0px;\npadding:0px 0px 0px 0px;\n}\n<\/style>\n<div class='flex_column av-759h2a-5405f17028f4f8306789c739e88e20e0 av_one_half  avia-builder-el-24  el_after_av_hr  el_before_av_one_half  first flex_column_div av-animated-generic bottom-to-top av-zero-column-padding '     ><p>\n<style type=\"text\/css\" data-created_by=\"avia_inline_auto\" id=\"style-css-av-2imlm-2e8168e10a359ea0040aad8d587ee10f\">\n#top .av-special-heading.av-2imlm-2e8168e10a359ea0040aad8d587ee10f{\npadding-bottom:20px;\nfont-size:34px;\n}\nbody .av-special-heading.av-2imlm-2e8168e10a359ea0040aad8d587ee10f .av-special-heading-tag .heading-char{\nfont-size:25px;\n}\n#top #wrap_all .av-special-heading.av-2imlm-2e8168e10a359ea0040aad8d587ee10f .av-special-heading-tag{\nfont-size:34px;\n}\n.av-special-heading.av-2imlm-2e8168e10a359ea0040aad8d587ee10f .av-subheading{\nfont-size:15px;\n}\n\n@media only screen and (min-width: 480px) and (max-width: 767px){ \n#top #wrap_all .av-special-heading.av-2imlm-2e8168e10a359ea0040aad8d587ee10f .av-special-heading-tag{\nfont-size:0.8em;\n}\n}\n\n@media only screen and (max-width: 479px){ \n#top #wrap_all .av-special-heading.av-2imlm-2e8168e10a359ea0040aad8d587ee10f .av-special-heading-tag{\nfont-size:0.8em;\n}\n}\n<\/style>\n<div  class='av-special-heading av-2imlm-2e8168e10a359ea0040aad8d587ee10f av-special-heading-h3 blockquote modern-quote  avia-builder-el-25  el_before_av_textblock  avia-builder-el-first  av-inherit-size'><h3 class='av-special-heading-tag'  itemprop=\"headline\"  >Kurumsal Finansman Dan\u0131\u015fmanl\u0131\u011f\u0131<\/h3><div class=\"special-heading-border\"><div class=\"special-heading-inner-border\"><\/div><\/div><\/div><br \/>\n<section  class='av_textblock_section av-6stxya-4327c2f58b683b0b1f097ee491154a55'  itemscope=\"itemscope\" itemtype=\"https:\/\/schema.org\/CreativeWork\" ><div class='avia_textblock'  itemprop=\"text\" ><p>\u015eirket devirlerinde, m\u00fczakerelerin ve s\u00fcre\u00e7lerin y\u00f6netimi M&#038;A s\u00fcre\u00e7lerinin y\u00fcr\u00fct\u00fclmesi, hedef \u015firket de\u011ferlendirme \u00e7al\u0131\u015fmalar\u0131, buna ba\u011fl\u0131 olarak, vergi ve finansal incelemeler (due diligence yap\u0131lmas\u0131) \u015firketlerin de\u011ferlemesi hizmetlerini sunmaktay\u0131z.<\/p>\n<\/div><\/section><\/p><\/div>\n<style type=\"text\/css\" data-created_by=\"avia_inline_auto\" id=\"style-css-av-6qte2i-a2c84784cd5487fc392b4fc93d11ef0d\">\n.flex_column.av-6qte2i-a2c84784cd5487fc392b4fc93d11ef0d{\n-webkit-border-radius:0px 0px 0px 0px;\n-moz-border-radius:0px 0px 0px 0px;\nborder-radius:0px 0px 0px 0px;\npadding:0px 0px 0px 0px;\n}\n<\/style>\n<div class='flex_column av-6qte2i-a2c84784cd5487fc392b4fc93d11ef0d av_one_half  avia-builder-el-27  el_after_av_one_half  avia-builder-el-last  flex_column_div av-animated-generic bottom-to-top av-zero-column-padding '     ><p>\n<style type=\"text\/css\" data-created_by=\"avia_inline_auto\" id=\"style-css-av-6kkyle-315df2fab104c3af25ffcb860dbbca32\">\n#top .av-special-heading.av-6kkyle-315df2fab104c3af25ffcb860dbbca32{\npadding-bottom:20px;\nfont-size:34px;\n}\nbody .av-special-heading.av-6kkyle-315df2fab104c3af25ffcb860dbbca32 .av-special-heading-tag .heading-char{\nfont-size:25px;\n}\n#top #wrap_all .av-special-heading.av-6kkyle-315df2fab104c3af25ffcb860dbbca32 .av-special-heading-tag{\nfont-size:34px;\n}\n.av-special-heading.av-6kkyle-315df2fab104c3af25ffcb860dbbca32 .av-subheading{\nfont-size:15px;\n}\n\n@media only screen and (min-width: 480px) and (max-width: 767px){ \n#top #wrap_all .av-special-heading.av-6kkyle-315df2fab104c3af25ffcb860dbbca32 .av-special-heading-tag{\nfont-size:0.8em;\n}\n}\n\n@media only screen and (max-width: 479px){ \n#top #wrap_all .av-special-heading.av-6kkyle-315df2fab104c3af25ffcb860dbbca32 .av-special-heading-tag{\nfont-size:0.8em;\n}\n}\n<\/style>\n<div  class='av-special-heading av-6kkyle-315df2fab104c3af25ffcb860dbbca32 av-special-heading-h3 blockquote modern-quote  avia-builder-el-28  el_before_av_textblock  avia-builder-el-first  av-inherit-size'><h3 class='av-special-heading-tag'  itemprop=\"headline\"  >Maliyet Belirleme ve Fizibilite \u00c7al\u0131\u015fmalar\u0131<\/h3><div class=\"special-heading-border\"><div class=\"special-heading-inner-border\"><\/div><\/div><\/div><br \/>\n<section  class='av_textblock_section av-6dmvia-aec754dd9aeb7c20d95201b28eeaf45f'  itemscope=\"itemscope\" itemtype=\"https:\/\/schema.org\/CreativeWork\" ><div class='avia_textblock'  itemprop=\"text\" ><p>\u015eirketlerin kendi b\u00fcnyesinde yapmak istedikleri veya herhangi bir kamu veya \u00f6zel kuruma sunmak ad\u0131na ihtiyac\u0131 olan maliyet ve fizibilite \u00e7al\u0131\u015fmalar\u0131na ili\u015fkin olarak t\u00fcm s\u00fcre\u00e7lerin y\u00fcr\u00fct\u00fclmesi hizmetini sunmaktay\u0131z.<\/p>\n<\/div><\/section><\/p><\/div><\/div><\/div><\/div><!-- close content main div --><\/div><\/div><div id='after_section_1'  class='main_color av_default_container_wrap container_wrap sidebar_right'  ><div class='container av-section-cont-open' ><div class='template-page content  av-content-small alpha units'><div class='post-entry post-entry-type-page post-entry-330'><div class='entry-content-wrapper clearfix'>\n","protected":false},"excerpt":{"rendered":"","protected":false},"author":1,"featured_media":0,"parent":0,"menu_order":0,"comment_status":"closed","ping_status":"open","template":"","meta":{"_themeisle_gutenberg_block_has_review":false},"_links":{"self":[{"href":"http:\/\/cndenetim.com.tr\/index.php\/wp-json\/wp\/v2\/pages\/330"}],"collection":[{"href":"http:\/\/cndenetim.com.tr\/index.php\/wp-json\/wp\/v2\/pages"}],"about":[{"href":"http:\/\/cndenetim.com.tr\/index.php\/wp-json\/wp\/v2\/types\/page"}],"author":[{"embeddable":true,"href":"http:\/\/cndenetim.com.tr\/index.php\/wp-json\/wp\/v2\/users\/1"}],"replies":[{"embeddable":true,"href":"http:\/\/cndenetim.com.tr\/index.php\/wp-json\/wp\/v2\/comments?post=330"}],"version-history":[{"count":11,"href":"http:\/\/cndenetim.com.tr\/index.php\/wp-json\/wp\/v2\/pages\/330\/revisions"}],"predecessor-version":[{"id":1146,"href":"http:\/\/cndenetim.com.tr\/index.php\/wp-json\/wp\/v2\/pages\/330\/revisions\/1146"}],"wp:attachment":[{"href":"http:\/\/cndenetim.com.tr\/index.php\/wp-json\/wp\/v2\/media?parent=330"}],"curies":[{"name":"wp","href":"https:\/\/api.w.org\/{rel}","templated":true}]}}