{"id":950,"date":"2016-07-15T14:19:20","date_gmt":"2016-07-15T14:19:20","guid":{"rendered":"http:\/\/test.kriesi.at\/enfold-medical\/?page_id=950"},"modified":"2022-12-31T13:50:12","modified_gmt":"2022-12-31T13:50:12","slug":"hakkimizda","status":"publish","type":"page","link":"http:\/\/cndenetim.com.tr\/index.php\/hakkimizda\/","title":{"rendered":"Hakk\u0131m\u0131zda"},"content":{"rendered":"<div id='av-layout-grid-1'  class='av-layout-grid-container av-li73q-e1db10c26939acc99331ee70921182c6 entry-content-wrapper main_color av-flex-cells  avia-builder-el-0  el_before_av_section  avia-builder-el-first   container_wrap sidebar_right'  >\n\n<style type=\"text\/css\" data-created_by=\"avia_inline_auto\" id=\"style-css-av-5wbimm-8aedb2b501af1b2a051fb410f9e35281\">\n.flex_cell.av-5wbimm-8aedb2b501af1b2a051fb410f9e35281{\nvertical-align:middle;\nheight:500px;\nmin-height:500px;\nbackground-color:#b75055;\n}\n.responsive #top #wrap_all .flex_cell.av-5wbimm-8aedb2b501af1b2a051fb410f9e35281{\npadding:80px 80px 80px 80px !important;\n}\n<\/style>\n<div class='flex_cell av-5wbimm-8aedb2b501af1b2a051fb410f9e35281 av-gridrow-cell av_one_half no_margin  avia-builder-el-1  el_before_av_cell_one_half  avia-builder-el-first  avia-full-stretch' ><div class='flex_cell_inner'><p>\n<style type=\"text\/css\" data-created_by=\"avia_inline_auto\" id=\"style-css-av-av_font_icon-96194ab0459f76746713c933c2ad8703\">\n.av_font_icon.av-av_font_icon-96194ab0459f76746713c933c2ad8703 .av-icon-char{\nfont-size:40px;\nline-height:40px;\n}\n<\/style>\n<span  class='av_font_icon av-av_font_icon-96194ab0459f76746713c933c2ad8703 avia_animate_when_visible av-icon-style- avia-icon-pos-left av-no-color avia-icon-animate'><span class='av-icon-char' aria-hidden='true' data-av_icon='' data-av_iconfont='entypo-fontello' ><\/span><\/span><br \/>\n\n<style type=\"text\/css\" data-created_by=\"avia_inline_auto\" id=\"style-css-av-5n1hxq-8395247d133fb9765a8e3ad1ef04c6ba\">\n#top .av-special-heading.av-5n1hxq-8395247d133fb9765a8e3ad1ef04c6ba{\npadding-bottom:25px;\ncolor:#ffffff;\nfont-size:34px;\n}\nbody .av-special-heading.av-5n1hxq-8395247d133fb9765a8e3ad1ef04c6ba .av-special-heading-tag .heading-char{\nfont-size:25px;\n}\n#top #wrap_all .av-special-heading.av-5n1hxq-8395247d133fb9765a8e3ad1ef04c6ba .av-special-heading-tag{\nfont-size:34px;\n}\n.av-special-heading.av-5n1hxq-8395247d133fb9765a8e3ad1ef04c6ba .special-heading-inner-border{\nborder-color:#ffffff;\n}\n.av-special-heading.av-5n1hxq-8395247d133fb9765a8e3ad1ef04c6ba .av-subheading{\nfont-size:15px;\n}\n\n@media only screen and (min-width: 480px) and (max-width: 767px){ \n#top #wrap_all .av-special-heading.av-5n1hxq-8395247d133fb9765a8e3ad1ef04c6ba .av-special-heading-tag{\nfont-size:0.8em;\n}\n}\n\n@media only screen and (max-width: 479px){ \n#top #wrap_all .av-special-heading.av-5n1hxq-8395247d133fb9765a8e3ad1ef04c6ba .av-special-heading-tag{\nfont-size:0.8em;\n}\n}\n<\/style>\n<div  class='av-special-heading av-5n1hxq-8395247d133fb9765a8e3ad1ef04c6ba av-special-heading-h3 custom-color-heading blockquote modern-quote  avia-builder-el-3  el_after_av_font_icon  el_before_av_textblock  av-inherit-size'><h3 class='av-special-heading-tag'  itemprop=\"headline\"  >CN Denetim ve SMMM A.\u015e.<\/h3><div class='av_custom_color av-subheading av-subheading_below'><p>K\u0131saca<\/p>\n<\/div><div class=\"special-heading-border\"><div class=\"special-heading-inner-border\"><\/div><\/div><\/div><br \/>\n\n<style type=\"text\/css\" data-created_by=\"avia_inline_auto\" id=\"style-css-av-5hq2qe-4f3e537c810a8804bc32ee665c1ffd95\">\n#top .av_textblock_section.av-5hq2qe-4f3e537c810a8804bc32ee665c1ffd95 .avia_textblock{\ncolor:#ffffff;\n}\n<\/style>\n<section  class='av_textblock_section av-5hq2qe-4f3e537c810a8804bc32ee665c1ffd95'  itemscope=\"itemscope\" itemtype=\"https:\/\/schema.org\/CreativeWork\" ><div class='avia_textblock av_inherit_color'  itemprop=\"text\" ><p>Vergi denetim, dan\u0131\u015fmanl\u0131k ile ilgili \u00e7\u00f6z\u00fcm odakl\u0131 ve kaliteli hizmet \u00fcreterek uzman kadromuz ile optimum fayday\u0131 sa\u011fl\u0131yoruz.<\/p>\n<\/div><\/section><\/p>\n<\/div><\/div>\n<style type=\"text\/css\" data-created_by=\"avia_inline_auto\" id=\"style-css-av-5cyqiu-f0ca7a18b97b34ce71bc4fa45cb7b75a\">\n.flex_cell.av-5cyqiu-f0ca7a18b97b34ce71bc4fa45cb7b75a{\nvertical-align:middle;\nheight:500px;\nmin-height:500px;\nbackground:url(http:\/\/cndenetim.com.tr\/wp-content\/uploads\/2022\/12\/iStock-1000173680-300x169.jpg) 50% 50% no-repeat scroll #b75055;\n}\n.responsive #top #wrap_all .flex_cell.av-5cyqiu-f0ca7a18b97b34ce71bc4fa45cb7b75a{\npadding:80px 80px 80px 80px !important;\n}\n<\/style>\n<div class='flex_cell av-5cyqiu-f0ca7a18b97b34ce71bc4fa45cb7b75a av-gridrow-cell av_one_half no_margin  avia-builder-el-5  el_after_av_cell_one_half  avia-builder-el-last  avia-full-stretch' ><div class='flex_cell_inner'><\/div><\/div><\/div><div id='av_section_1'  class='avia-section av-3rjirq-53742cb6dc6c895072092d29f901cef5 main_color avia-section-huge avia-no-border-styling  avia-builder-el-6  el_after_av_layout_row  avia-builder-el-last  avia-bg-style-scroll container_wrap sidebar_right'  ><div class='container av-section-cont-open' ><div class='template-page content  av-content-small alpha units'><div class='post-entry post-entry-type-page post-entry-950'><div class='entry-content-wrapper clearfix'>\n<div class='flex_column av-av_one_half-7714eba142aeda1f8b5272a3c372b279 av_one_half  avia-builder-el-7  el_before_av_one_half  avia-builder-el-first  first flex_column_div '     ><article  class='iconbox iconbox_left av-lcc027sr-e647f6e43fa65bb3f6a2a1d7ceea18da  avia-builder-el-8  avia-builder-el-no-sibling '  itemscope=\"itemscope\" itemtype=\"https:\/\/schema.org\/CreativeWork\" ><div class=\"iconbox_content\"><header class=\"entry-content-header\"><div class=\"iconbox_icon heading-color\" aria-hidden='true' data-av_icon='\ue8a3' data-av_iconfont='entypo-fontello'><\/div><h3 class='iconbox_content_title '  itemprop=\"headline\" >Misyonumuz<\/h3><\/header><div class='iconbox_content_container '  itemprop=\"text\" ><p>Denetim ve vergi dan\u0131\u015fmanl\u0131k faaliyetleri ile kurumsal kapasiteyi geli\u015ftirmek ve uzman kadromuz ile m\u00fc\u015fterilerimize tam zamanl\u0131 olarak en verimli hizmeti sunmakt\u0131r.<\/p>\n<\/div><\/div><footer class=\"entry-footer\"><\/footer><\/article><\/div><div class='flex_column av-av_one_half-f1c518e9ff58e869f80c8f093487abc9 av_one_half  avia-builder-el-9  el_after_av_one_half  avia-builder-el-last  flex_column_div '     ><article  class='iconbox iconbox_left av-lcc03np9-74dcf7c39ba0adac29b36129d2af0a82  avia-builder-el-10  avia-builder-el-no-sibling '  itemscope=\"itemscope\" itemtype=\"https:\/\/schema.org\/CreativeWork\" ><div class=\"iconbox_content\"><header class=\"entry-content-header\"><div class=\"iconbox_icon heading-color\" aria-hidden='true' data-av_icon='\ue864' data-av_iconfont='entypo-fontello'><\/div><h3 class='iconbox_content_title '  itemprop=\"headline\" >Vizyonumuz<\/h3><\/header><div class='iconbox_content_container '  itemprop=\"text\" ><p>M\u00fc\u015fterilerimize \u00e7\u00f6z\u00fcm odakl\u0131 ve kaliteli hizmet \u00fcreterek uzman kadromuz ile optimum fayday\u0131 sa\u011flamakt\u0131r.<\/p>\n<\/div><\/div><footer class=\"entry-footer\"><\/footer><\/article><\/div><\/div><\/div><\/div><!-- close content main div --><\/div><\/div><div id='after_section_1'  class='main_color av_default_container_wrap container_wrap sidebar_right'  ><div class='container av-section-cont-open' ><div class='template-page content  av-content-small alpha units'><div class='post-entry post-entry-type-page post-entry-950'><div class='entry-content-wrapper clearfix'><\/p>\n","protected":false},"excerpt":{"rendered":"","protected":false},"author":1,"featured_media":0,"parent":0,"menu_order":0,"comment_status":"closed","ping_status":"closed","template":"","meta":{"_themeisle_gutenberg_block_has_review":false},"_links":{"self":[{"href":"http:\/\/cndenetim.com.tr\/index.php\/wp-json\/wp\/v2\/pages\/950"}],"collection":[{"href":"http:\/\/cndenetim.com.tr\/index.php\/wp-json\/wp\/v2\/pages"}],"about":[{"href":"http:\/\/cndenetim.com.tr\/index.php\/wp-json\/wp\/v2\/types\/page"}],"author":[{"embeddable":true,"href":"http:\/\/cndenetim.com.tr\/index.php\/wp-json\/wp\/v2\/users\/1"}],"replies":[{"embeddable":true,"href":"http:\/\/cndenetim.com.tr\/index.php\/wp-json\/wp\/v2\/comments?post=950"}],"version-history":[{"count":5,"href":"http:\/\/cndenetim.com.tr\/index.php\/wp-json\/wp\/v2\/pages\/950\/revisions"}],"predecessor-version":[{"id":1170,"href":"http:\/\/cndenetim.com.tr\/index.php\/wp-json\/wp\/v2\/pages\/950\/revisions\/1170"}],"wp:attachment":[{"href":"http:\/\/cndenetim.com.tr\/index.php\/wp-json\/wp\/v2\/media?parent=950"}],"curies":[{"name":"wp","href":"https:\/\/api.w.org\/{rel}","templated":true}]}}